{"id":2,"date":"2018-10-04T17:43:28","date_gmt":"2018-10-04T15:43:28","guid":{"rendered":"http:\/\/cabexi.com\/?page_id=2"},"modified":"2018-10-15T13:58:49","modified_gmt":"2018-10-15T11:58:49","slug":"accueil","status":"publish","type":"page","link":"https:\/\/cabexi.com\/","title":{"rendered":"Le besoin de l&rsquo;utilisateur au c\u0153ur du syst\u00e8me d&rsquo;information"},"content":{"rendered":"<p>Notre objectif est de vous aider \u00e0 concevoir, mettre en place et faire \u00e9voluer votre syst\u00e8me d\u2019information de gestion, en vous accompagnant \u00e0 chacune des \u00e9tapes de vos projets, en Assistance \u00e0 Ma\u00eetrise d\u2019Ouvrage ou en Ma\u00eetrise d\u2019OEuvre fonctionnelle.<\/p>\n<p>&#8211; Intervention sur tous domaines fonctionnels : comptabilit\u00e9s g\u00e9n\u00e9rale et analytique, comptabilit\u00e9s auxiliaires clients et fournisseurs, contr\u00f4le de gestion, normes IAS\/IFRS, gestion de la relation client, gestion des achats, d\u00e9cisionnel\u2026<\/p>\n<p>&#8211; Intervention sur tous types d\u2019environnement et d\u2019architectures : client\/serveur, 3 tiers, Internet\/Intranet\/Extranet, cloud\u2026<\/p>\n<p>&#8211; Intervention sur tous types de projets : d\u00e9veloppement sp\u00e9cifique, int\u00e9gration de progiciel, mise en place de site Web, d\u00e9veloppement d&rsquo;application mobile, fusion de SI, audit des syst\u00e8mes existants\u2026<\/p>\n","protected":false},"excerpt":{"rendered":"<div class=\"slide-text-bg2\"><span>Notre objectif est de vous aider \u00e0 concevoir, mettre en place et faire \u00e9voluer votre syst\u00e8me d\u2019information de gestion, en vous accompagnant \u00e0 chacune<\/span><\/div>\n<div class=\"slide-btn-area-sm\"><a href=\"https:\/\/cabexi.com\/\" class=\"slide-btn-sm\">Lire la suite<\/a><\/div>\n","protected":false},"author":1,"featured_media":0,"parent":0,"menu_order":0,"comment_status":"closed","ping_status":"closed","template":"fullwidth.php","meta":[],"_links":{"self":[{"href":"https:\/\/cabexi.com\/index.php\/wp-json\/wp\/v2\/pages\/2"}],"collection":[{"href":"https:\/\/cabexi.com\/index.php\/wp-json\/wp\/v2\/pages"}],"about":[{"href":"https:\/\/cabexi.com\/index.php\/wp-json\/wp\/v2\/types\/page"}],"author":[{"embeddable":true,"href":"https:\/\/cabexi.com\/index.php\/wp-json\/wp\/v2\/users\/1"}],"replies":[{"embeddable":true,"href":"https:\/\/cabexi.com\/index.php\/wp-json\/wp\/v2\/comments?post=2"}],"version-history":[{"count":6,"href":"https:\/\/cabexi.com\/index.php\/wp-json\/wp\/v2\/pages\/2\/revisions"}],"predecessor-version":[{"id":45,"href":"https:\/\/cabexi.com\/index.php\/wp-json\/wp\/v2\/pages\/2\/revisions\/45"}],"wp:attachment":[{"href":"https:\/\/cabexi.com\/index.php\/wp-json\/wp\/v2\/media?parent=2"}],"curies":[{"name":"wp","href":"https:\/\/api.w.org\/{rel}","templated":true}]}}